{"id":1502,"date":"2020-12-22T17:38:30","date_gmt":"2020-12-22T17:38:30","guid":{"rendered":"https:\/\/jobsatstock.ca\/les-gens\/"},"modified":"2020-12-22T17:41:51","modified_gmt":"2020-12-22T17:41:51","slug":"les-gens","status":"publish","type":"page","link":"https:\/\/jobsatstock.ca\/fr\/les-gens\/","title":{"rendered":"Les gens"},"content":{"rendered":"\t\t<div data-elementor-type=\"wp-page\" data-elementor-id=\"1502\" class=\"elementor elementor-1502 elementor-15\" data-elementor-post-type=\"page\">\n\t\t\t\t\t\t<section class=\"elementor-section elementor-top-section elementor-element elementor-element-1093310 elementor-section-boxed elementor-section-height-default elementor-section-height-default\" data-id=\"1093310\" data-element_type=\"section\" data-e-type=\"section\">\n\t\t\t\t\t\t\t<div class=\"elementor-background-overlay\"><\/div>\n\t\t\t\t\t\t\t<div class=\"elementor-container elementor-column-gap-default\">\n\t\t\t\t\t<div class=\"elementor-column elementor-col-50 elementor-top-column elementor-element elementor-element-b53f69c\" data-id=\"b53f69c\" data-element_type=\"column\" data-e-type=\"column\">\n\t\t\t<div class=\"elementor-widget-wrap elementor-element-populated\">\n\t\t\t\t\t\t<div class=\"elementor-element elementor-element-e0ecf81 elementor-widget elementor-widget-image\" data-id=\"e0ecf81\" data-element_type=\"widget\" data-e-type=\"widget\" data-widget_type=\"image.default\">\n\t\t\t\t<div class=\"elementor-widget-container\">\n\t\t\t\t\t\t\t\t\t\t\t\t\t\t\t<img fetchpriority=\"high\" decoding=\"async\" width=\"567\" height=\"511\" src=\"https:\/\/jobsatstock.ca\/wp-content\/uploads\/2020\/12\/stock-headshots.png\" class=\"attachment-full size-full wp-image-1315\" alt=\"\" srcset=\"https:\/\/jobsatstock.ca\/wp-content\/uploads\/2020\/12\/stock-headshots.png 567w, https:\/\/jobsatstock.ca\/wp-content\/uploads\/2020\/12\/stock-headshots-300x270.png 300w\" sizes=\"(max-width: 567px) 100vw, 567px\" \/>\t\t\t\t\t\t\t\t\t\t\t\t\t\t\t<\/div>\n\t\t\t\t<\/div>\n\t\t\t\t\t<\/div>\n\t\t<\/div>\n\t\t\t\t<div class=\"elementor-column elementor-col-50 elementor-top-column elementor-element elementor-element-0067174\" data-id=\"0067174\" data-element_type=\"column\" data-e-type=\"column\">\n\t\t\t<div class=\"elementor-widget-wrap elementor-element-populated\">\n\t\t\t\t\t\t<div class=\"elementor-element elementor-element-2289668 elementor-widget elementor-widget-heading\" data-id=\"2289668\" data-element_type=\"widget\" data-e-type=\"widget\" data-widget_type=\"heading.default\">\n\t\t\t\t<div class=\"elementor-widget-container\">\n\t\t\t\t\t<h2 class=\"elementor-heading-title elementor-size-default\">Le monde conduit notre succ\u00e8s<\/h2>\t\t\t\t<\/div>\n\t\t\t\t<\/div>\n\t\t\t\t<div class=\"elementor-element elementor-element-a65824a elementor-widget elementor-widget-text-editor\" data-id=\"a65824a\" data-element_type=\"widget\" data-e-type=\"widget\" data-widget_type=\"text-editor.default\">\n\t\t\t\t<div class=\"elementor-widget-container\">\n\t\t\t\t\t\t\t\t\t<p>Nous croyons que la prosp\u00e9rit\u00e9 d\u2019une entreprise d\u00e9pend du succ\u00e8s des gens qui la soutienne. Peu importe le r\u00f4le, que ce soit \u00e0 temps plein ou \u00e0 temps partiel, nous appr\u00e9cions chaque travailleur. Ils jouent tous un r\u00f4le important et nous permettent d\u2019avancer. <\/p>\n\t\t\t\t\t\t\t\t<\/div>\n\t\t\t\t<\/div>\n\t\t\t\t\t<\/div>\n\t\t<\/div>\n\t\t\t\t\t<\/div>\n\t\t<\/section>\n\t\t\t\t<section class=\"elementor-section elementor-top-section elementor-element elementor-element-a75e9d3 elementor-section-boxed elementor-section-height-default elementor-section-height-default\" data-id=\"a75e9d3\" data-element_type=\"section\" data-e-type=\"section\" data-settings=\"{&quot;background_background&quot;:&quot;classic&quot;}\">\n\t\t\t\t\t\t<div class=\"elementor-container elementor-column-gap-default\">\n\t\t\t\t\t<div class=\"elementor-column elementor-col-100 elementor-top-column elementor-element elementor-element-b5c851d\" data-id=\"b5c851d\" data-element_type=\"column\" data-e-type=\"column\">\n\t\t\t<div class=\"elementor-widget-wrap elementor-element-populated\">\n\t\t\t\t\t\t<div class=\"elementor-element elementor-element-9859ab1 elementor--h-position-center elementor--v-position-middle elementor-arrows-position-inside elementor-pagination-position-inside elementor-widget elementor-widget-slides\" data-id=\"9859ab1\" data-element_type=\"widget\" data-e-type=\"widget\" data-settings=\"{&quot;autoplay_speed&quot;:10000,&quot;navigation&quot;:&quot;both&quot;,&quot;autoplay&quot;:&quot;yes&quot;,&quot;pause_on_hover&quot;:&quot;yes&quot;,&quot;pause_on_interaction&quot;:&quot;yes&quot;,&quot;infinite&quot;:&quot;yes&quot;,&quot;transition&quot;:&quot;slide&quot;,&quot;transition_speed&quot;:500}\" data-widget_type=\"slides.default\">\n\t\t\t\t<div class=\"elementor-widget-container\">\n\t\t\t\t\t\t\t\t\t<div class=\"elementor-swiper\">\n\t\t\t\t\t<div class=\"elementor-slides-wrapper elementor-main-swiper swiper\" role=\"region\" aria-roledescription=\"carousel\" aria-label=\"Diapositives\" dir=\"ltr\" data-animation=\"fadeInRight\">\n\t\t\t\t<div class=\"swiper-wrapper elementor-slides\">\n\t\t\t\t\t\t\t\t\t\t<div class=\"elementor-repeater-item-9a4d1cd swiper-slide\" role=\"group\" aria-roledescription=\"slide\"><div class=\"swiper-slide-bg\"><\/div><div class=\"swiper-slide-inner\" ><div class=\"swiper-slide-contents\"><div class=\"elementor-slide-description\"><p>\"En tant que m\u00e8re, je comprends tout \u00e0 fait ce que les parents ressentent quand ils nous confient leurs enfants. Savoir que j\u2019aide les parents, en transportant leurs enfants de mani\u00e8re s\u00e9curitaire est ce qui me passionne le plus. C\u2019est tellement encourageant de savoir qu\u2019ils me font confiance.\"<\/p>\n<p class='author'>\u2014 Laura Palazzotto  <em>Conductrice \u00e0 Toronto, ON<\/em><\/p>\n<\/div><\/div><\/div><\/div><div class=\"elementor-repeater-item-c33b332 swiper-slide\" role=\"group\" aria-roledescription=\"slide\"><div class=\"swiper-slide-bg\"><\/div><div class=\"swiper-slide-inner\" ><div class=\"swiper-slide-contents\"><div class=\"elementor-slide-description\"><p>\"Il y a maintenant 20 ans, je me suis lanc\u00e9 dans une nouvelle aventure. J\u2019avais aucune id\u00e9e ce que je voulais faire eet j\u2019\u00e9tais entre deux travailles quand j\u2019ai d\u00e9couvert un emploi de conductrice. De conductrice d\u2019autobus scolaire! Moi, qui n\u2019aurais jamais penser \u00e0 faire cela. Mais, comme une bonne amie me le dit toujours \u00ab fait ce que tu aimes et aimes ce que tu fais \u00bb. J\u2019ai maintenant ce privil\u00e8ge, \u00e0 tous les jours. \"<\/p>\n<p class='author'>\u2014 Samantha Ford <em>Conductrice \u00e0 Etobicoke <\/em><\/p>\n<\/div><\/div><\/div><\/div><div class=\"elementor-repeater-item-865884e swiper-slide\" role=\"group\" aria-roledescription=\"slide\"><div class=\"swiper-slide-bg\"><\/div><div class=\"swiper-slide-inner\" ><div class=\"swiper-slide-contents\"><div class=\"elementor-slide-description\"><p>\"La premi\u00e8re fois que j\u2019ai visit\u00e9 le bureau de Stock, j\u2019ai vu une citation murale qui m\u2019a \u00e9mue. \u00c7a disait : \u00ab Traitez chaque enfant comme le v\u00f4tre \u00bb. Chaque jour, nous traitons ceux qu\u2019on rencontre comme un des n\u00f4tres. Le sourire d\u2019un enfant et les parents qui disent aurevoir me r\u00e9chauffe le c\u0153ur, j\u2019ai l\u2019impression qu\u2019ils font part de ma famille. En tant que conductrice, cela m\u2019emm\u00e8ne tellement de bonheur. \"<\/p>\n<p class='author'>\u2014  Ling Gai <em>Edmonton, AB<\/em><\/p>\n<\/div><\/div><\/div><\/div><div class=\"elementor-repeater-item-5aa241b swiper-slide\" role=\"group\" aria-roledescription=\"slide\"><div class=\"swiper-slide-bg\"><\/div><div class=\"swiper-slide-inner\" ><div class=\"swiper-slide-contents\"><div class=\"elementor-slide-description\"><p>\"\u00catre excite de se lever pour aller travailler est quelque chose de rare. Heureusement, c\u2019est exactement le sentiment que j\u2019ai \u00e0 tous les jours. En tant que conductrice d\u2019autobus scolaire, j\u2019ai ce privil\u00e8ge. J\u2019aime ce que je fais et j\u2019aime conduire les enfants. Ils sont si diff\u00e9rents un de l\u2019autre, et si sinc\u00e8res. Mon travail est comme ma deuxi\u00e8me famille. En plus, je travaille ou j\u2019habite!\"<\/p>\n<p class='author'>\u2014 Beverley Cliche  <em>Richmond Hill, ON<\/em><\/p>\n<\/div><\/div><\/div><\/div><div class=\"elementor-repeater-item-6e4ad57 swiper-slide\" role=\"group\" aria-roledescription=\"slide\"><div class=\"swiper-slide-bg\"><\/div><div class=\"swiper-slide-inner\" ><div class=\"swiper-slide-contents\"><div class=\"elementor-slide-description\"><p>\"Ma premi\u00e8re journ\u00e9e avec Stock, j\u2019ai \u00e9t\u00e9 accueillie par des gens amicales et respectueux. Leurs attentions, \u00e0 mon \u00e9gard et pour l\u2019entreprise, m\u2019a montr\u00e9 qu\u2019ils seraient la peu importe mes besoins. Ils me traitent comme une des leurs. C\u2019est apparent que nous sommes tous important au succ\u00e8s de l\u2019entreprise.  \"<\/p>\n<p class='author'>\u2014 Frank Ritacca <em>Richmond Hill, ON<\/em><\/p>\n<\/div><\/div><\/div><\/div><div class=\"elementor-repeater-item-ecf2921 swiper-slide\" role=\"group\" aria-roledescription=\"slide\"><div class=\"swiper-slide-bg\"><\/div><div class=\"swiper-slide-inner\" ><div class=\"swiper-slide-contents\"><div class=\"elementor-slide-description\"><p>\"Les mots me manquent quand je parle de mon travail pour Stock Transportation. \u00c0 tous les niveaux, le monde offre leurs appuis et sont encourageant. C\u2019est un milieu de travail respectueux et attentif, et \u00e7a se voit dans ce que l\u2019on fait. \"<\/p>\n<p class='author'>\u2014  Dippi Bhandal <em>Edmonton, AB<\/em><\/p>\n<\/div><\/div><\/div><\/div>\t\t\t\t<\/div>\n\t\t\t\t\t\t\t\t\t\t\t\t\t\t\t<div class=\"elementor-swiper-button elementor-swiper-button-prev\" role=\"button\" tabindex=\"0\" aria-label=\"Diapositive pr\u00e9c\u00e9dente\">\n\t\t\t\t\t\t\t<i aria-hidden=\"true\" class=\"eicon-chevron-left\"><\/i>\t\t\t\t\t\t<\/div>\n\t\t\t\t\t\t<div class=\"elementor-swiper-button elementor-swiper-button-next\" role=\"button\" tabindex=\"0\" aria-label=\"Diapositive suivante\">\n\t\t\t\t\t\t\t<i aria-hidden=\"true\" class=\"eicon-chevron-right\"><\/i>\t\t\t\t\t\t<\/div>\n\t\t\t\t\t\t\t\t\t\t\t\t\t\t\t\t<div class=\"swiper-pagination\"><\/div>\n\t\t\t\t\t\t\t\t\t\t\t\t<\/div>\n\t\t\t\t<\/div>\n\t\t\t\t\t\t\t\t<\/div>\n\t\t\t\t<\/div>\n\t\t\t\t\t<\/div>\n\t\t<\/div>\n\t\t\t\t\t<\/div>\n\t\t<\/section>\n\t\t\t\t<section class=\"elementor-section elementor-top-section elementor-element elementor-element-5ad4fac6 elementor-section-boxed elementor-section-height-default elementor-section-height-default\" data-id=\"5ad4fac6\" data-element_type=\"section\" data-e-type=\"section\" data-settings=\"{&quot;background_background&quot;:&quot;classic&quot;}\">\n\t\t\t\t\t\t<div class=\"elementor-container elementor-column-gap-default\">\n\t\t\t\t\t<div class=\"elementor-column elementor-col-100 elementor-top-column elementor-element elementor-element-4c38a15c\" data-id=\"4c38a15c\" data-element_type=\"column\" data-e-type=\"column\" data-settings=\"{&quot;background_background&quot;:&quot;classic&quot;}\">\n\t\t\t<div class=\"elementor-widget-wrap elementor-element-populated\">\n\t\t\t\t\t\t<div class=\"elementor-element elementor-element-76fa6869 elementor-widget__width-auto elementor-widget elementor-widget-heading\" data-id=\"76fa6869\" data-element_type=\"widget\" data-e-type=\"widget\" data-widget_type=\"heading.default\">\n\t\t\t\t<div class=\"elementor-widget-container\">\n\t\t\t\t\t<h2 class=\"elementor-heading-title elementor-size-default\">Un nouveau d\u00e9but est possible!<\/h2>\t\t\t\t<\/div>\n\t\t\t\t<\/div>\n\t\t\t\t<div class=\"elementor-element elementor-element-2773982c elementor-widget__width-auto elementor-widget elementor-widget-button\" data-id=\"2773982c\" data-element_type=\"widget\" data-e-type=\"widget\" data-widget_type=\"button.default\">\n\t\t\t\t<div class=\"elementor-widget-container\">\n\t\t\t\t\t\t\t\t\t<div class=\"elementor-button-wrapper\">\n\t\t\t\t\t<a class=\"elementor-button elementor-button-link elementor-size-sm\" href=\"https:\/\/jobsatstock.ca\/fr\/emplois\/\">\n\t\t\t\t\t\t<span class=\"elementor-button-content-wrapper\">\n\t\t\t\t\t\t\t\t\t<span class=\"elementor-button-text\">Recherche d'emplois <\/span>\n\t\t\t\t\t<\/span>\n\t\t\t\t\t<\/a>\n\t\t\t\t<\/div>\n\t\t\t\t\t\t\t\t<\/div>\n\t\t\t\t<\/div>\n\t\t\t\t\t<\/div>\n\t\t<\/div>\n\t\t\t\t\t<\/div>\n\t\t<\/section>\n\t\t\t\t<\/div>\n\t\t","protected":false},"excerpt":{"rendered":"<p>Le monde conduit notre succ\u00e8s Nous croyons que la prosp\u00e9rit\u00e9 d\u2019une entreprise d\u00e9pend du succ\u00e8s des gens qui la soutienne. Peu importe le r\u00f4le, que ce soit \u00e0 temps plein ou \u00e0 temps partiel, nous appr\u00e9cions chaque travailleur. Ils jouent tous un r\u00f4le important et nous permettent d\u2019avancer. \u00ab\u00a0En tant que m\u00e8re, je comprends tout [&hellip;]<\/p>\n","protected":false},"author":1,"featured_media":0,"parent":0,"menu_order":2,"comment_status":"closed","ping_status":"closed","template":"","meta":{"footnotes":""},"class_list":["post-1502","page","type-page","status-publish","hentry"],"yoast_head":"<!-- This site is optimized with the Yoast SEO plugin v27.5 - https:\/\/yoast.com\/product\/yoast-seo-wordpress\/ -->\n<title>Les gens - Stock Transportation<\/title>\n<meta name=\"description\" content=\"Le monde conduit notre succ\u00e8s Nous croyons que la prosp\u00e9rit\u00e9 d\u2019une entreprise d\u00e9pend du succ\u00e8s des gens qui la soutienne. Peu importe le r\u00f4le, que ce soit\" \/>\n<meta name=\"robots\" content=\"index, follow, max-snippet:-1, max-image-preview:large, max-video-preview:-1\" \/>\n<link rel=\"canonical\" href=\"https:\/\/jobsatstock.ca\/fr\/les-gens\/\" \/>\n<meta property=\"og:locale\" content=\"fr_FR\" \/>\n<meta property=\"og:type\" content=\"article\" \/>\n<meta property=\"og:title\" content=\"Les gens - Stock Transportation\" \/>\n<meta property=\"og:description\" content=\"Le monde conduit notre succ\u00e8s Nous croyons que la prosp\u00e9rit\u00e9 d\u2019une entreprise d\u00e9pend du succ\u00e8s des gens qui la soutienne. Peu importe le r\u00f4le, que ce soit\" \/>\n<meta property=\"og:url\" content=\"https:\/\/jobsatstock.ca\/fr\/les-gens\/\" \/>\n<meta property=\"og:site_name\" content=\"Stock Transportation\" \/>\n<meta property=\"article:modified_time\" content=\"2020-12-22T17:41:51+00:00\" \/>\n<meta property=\"og:image\" content=\"https:\/\/jobsatstock.ca\/wp-content\/uploads\/2020\/12\/stock-headshots.png\" \/>\n<meta name=\"twitter:card\" content=\"summary_large_image\" \/>\n<meta name=\"twitter:label1\" content=\"Dur\u00e9e de lecture estim\u00e9e\" \/>\n\t<meta name=\"twitter:data1\" content=\"2 minutes\" \/>\n<script type=\"application\/ld+json\" class=\"yoast-schema-graph\">{\"@context\":\"https:\\\/\\\/schema.org\",\"@graph\":[{\"@type\":\"WebPage\",\"@id\":\"https:\\\/\\\/jobsatstock.ca\\\/fr\\\/les-gens\\\/\",\"url\":\"https:\\\/\\\/jobsatstock.ca\\\/fr\\\/les-gens\\\/\",\"name\":\"Les gens - Stock Transportation\",\"isPartOf\":{\"@id\":\"https:\\\/\\\/jobsatstock.ca\\\/fr\\\/#website\"},\"primaryImageOfPage\":{\"@id\":\"https:\\\/\\\/jobsatstock.ca\\\/fr\\\/les-gens\\\/#primaryimage\"},\"image\":{\"@id\":\"https:\\\/\\\/jobsatstock.ca\\\/fr\\\/les-gens\\\/#primaryimage\"},\"thumbnailUrl\":\"https:\\\/\\\/jobsatstock.ca\\\/wp-content\\\/uploads\\\/2020\\\/12\\\/stock-headshots.png\",\"datePublished\":\"2020-12-22T17:38:30+00:00\",\"dateModified\":\"2020-12-22T17:41:51+00:00\",\"description\":\"Le monde conduit notre succ\u00e8s Nous croyons que la prosp\u00e9rit\u00e9 d\u2019une entreprise d\u00e9pend du succ\u00e8s des gens qui la soutienne. Peu importe le r\u00f4le, que ce soit\",\"breadcrumb\":{\"@id\":\"https:\\\/\\\/jobsatstock.ca\\\/fr\\\/les-gens\\\/#breadcrumb\"},\"inLanguage\":\"fr-FR\",\"potentialAction\":[{\"@type\":\"ReadAction\",\"target\":[\"https:\\\/\\\/jobsatstock.ca\\\/fr\\\/les-gens\\\/\"]}]},{\"@type\":\"ImageObject\",\"inLanguage\":\"fr-FR\",\"@id\":\"https:\\\/\\\/jobsatstock.ca\\\/fr\\\/les-gens\\\/#primaryimage\",\"url\":\"https:\\\/\\\/jobsatstock.ca\\\/wp-content\\\/uploads\\\/2020\\\/12\\\/stock-headshots.png\",\"contentUrl\":\"https:\\\/\\\/jobsatstock.ca\\\/wp-content\\\/uploads\\\/2020\\\/12\\\/stock-headshots.png\"},{\"@type\":\"BreadcrumbList\",\"@id\":\"https:\\\/\\\/jobsatstock.ca\\\/fr\\\/les-gens\\\/#breadcrumb\",\"itemListElement\":[{\"@type\":\"ListItem\",\"position\":1,\"name\":\"Home\",\"item\":\"https:\\\/\\\/jobsatstock.ca\\\/fr\\\/\"},{\"@type\":\"ListItem\",\"position\":2,\"name\":\"Les gens\"}]},{\"@type\":\"WebSite\",\"@id\":\"https:\\\/\\\/jobsatstock.ca\\\/fr\\\/#website\",\"url\":\"https:\\\/\\\/jobsatstock.ca\\\/fr\\\/\",\"name\":\"Stock Transportation\",\"description\":\"Delivering Canadian Students to school safely and on time for over 100 years\",\"publisher\":{\"@id\":\"https:\\\/\\\/jobsatstock.ca\\\/fr\\\/#organization\"},\"potentialAction\":[{\"@type\":\"SearchAction\",\"target\":{\"@type\":\"EntryPoint\",\"urlTemplate\":\"https:\\\/\\\/jobsatstock.ca\\\/fr\\\/?s={search_term_string}\"},\"query-input\":{\"@type\":\"PropertyValueSpecification\",\"valueRequired\":true,\"valueName\":\"search_term_string\"}}],\"inLanguage\":\"fr-FR\"},{\"@type\":\"Organization\",\"@id\":\"https:\\\/\\\/jobsatstock.ca\\\/fr\\\/#organization\",\"name\":\"Stock Transportation\",\"url\":\"https:\\\/\\\/jobsatstock.ca\\\/fr\\\/\",\"logo\":{\"@type\":\"ImageObject\",\"inLanguage\":\"fr-FR\",\"@id\":\"https:\\\/\\\/jobsatstock.ca\\\/fr\\\/#\\\/schema\\\/logo\\\/image\\\/\",\"url\":\"https:\\\/\\\/jobsatstock.ca\\\/wp-content\\\/uploads\\\/2020\\\/12\\\/stock-logo.png\",\"contentUrl\":\"https:\\\/\\\/jobsatstock.ca\\\/wp-content\\\/uploads\\\/2020\\\/12\\\/stock-logo.png\",\"width\":114,\"height\":89,\"caption\":\"Stock Transportation\"},\"image\":{\"@id\":\"https:\\\/\\\/jobsatstock.ca\\\/fr\\\/#\\\/schema\\\/logo\\\/image\\\/\"}}]}<\/script>\n<!-- \/ Yoast SEO plugin. -->","yoast_head_json":{"title":"Les gens - Stock Transportation","description":"Le monde conduit notre succ\u00e8s Nous croyons que la prosp\u00e9rit\u00e9 d\u2019une entreprise d\u00e9pend du succ\u00e8s des gens qui la soutienne. Peu importe le r\u00f4le, que ce soit","robots":{"index":"index","follow":"follow","max-snippet":"max-snippet:-1","max-image-preview":"max-image-preview:large","max-video-preview":"max-video-preview:-1"},"canonical":"https:\/\/jobsatstock.ca\/fr\/les-gens\/","og_locale":"fr_FR","og_type":"article","og_title":"Les gens - Stock Transportation","og_description":"Le monde conduit notre succ\u00e8s Nous croyons que la prosp\u00e9rit\u00e9 d\u2019une entreprise d\u00e9pend du succ\u00e8s des gens qui la soutienne. Peu importe le r\u00f4le, que ce soit","og_url":"https:\/\/jobsatstock.ca\/fr\/les-gens\/","og_site_name":"Stock Transportation","article_modified_time":"2020-12-22T17:41:51+00:00","og_image":[{"url":"https:\/\/jobsatstock.ca\/wp-content\/uploads\/2020\/12\/stock-headshots.png","type":"","width":"","height":""}],"twitter_card":"summary_large_image","twitter_misc":{"Dur\u00e9e de lecture estim\u00e9e":"2 minutes"},"schema":{"@context":"https:\/\/schema.org","@graph":[{"@type":"WebPage","@id":"https:\/\/jobsatstock.ca\/fr\/les-gens\/","url":"https:\/\/jobsatstock.ca\/fr\/les-gens\/","name":"Les gens - Stock Transportation","isPartOf":{"@id":"https:\/\/jobsatstock.ca\/fr\/#website"},"primaryImageOfPage":{"@id":"https:\/\/jobsatstock.ca\/fr\/les-gens\/#primaryimage"},"image":{"@id":"https:\/\/jobsatstock.ca\/fr\/les-gens\/#primaryimage"},"thumbnailUrl":"https:\/\/jobsatstock.ca\/wp-content\/uploads\/2020\/12\/stock-headshots.png","datePublished":"2020-12-22T17:38:30+00:00","dateModified":"2020-12-22T17:41:51+00:00","description":"Le monde conduit notre succ\u00e8s Nous croyons que la prosp\u00e9rit\u00e9 d\u2019une entreprise d\u00e9pend du succ\u00e8s des gens qui la soutienne. Peu importe le r\u00f4le, que ce soit","breadcrumb":{"@id":"https:\/\/jobsatstock.ca\/fr\/les-gens\/#breadcrumb"},"inLanguage":"fr-FR","potentialAction":[{"@type":"ReadAction","target":["https:\/\/jobsatstock.ca\/fr\/les-gens\/"]}]},{"@type":"ImageObject","inLanguage":"fr-FR","@id":"https:\/\/jobsatstock.ca\/fr\/les-gens\/#primaryimage","url":"https:\/\/jobsatstock.ca\/wp-content\/uploads\/2020\/12\/stock-headshots.png","contentUrl":"https:\/\/jobsatstock.ca\/wp-content\/uploads\/2020\/12\/stock-headshots.png"},{"@type":"BreadcrumbList","@id":"https:\/\/jobsatstock.ca\/fr\/les-gens\/#breadcrumb","itemListElement":[{"@type":"ListItem","position":1,"name":"Home","item":"https:\/\/jobsatstock.ca\/fr\/"},{"@type":"ListItem","position":2,"name":"Les gens"}]},{"@type":"WebSite","@id":"https:\/\/jobsatstock.ca\/fr\/#website","url":"https:\/\/jobsatstock.ca\/fr\/","name":"Stock Transportation","description":"Delivering Canadian Students to school safely and on time for over 100 years","publisher":{"@id":"https:\/\/jobsatstock.ca\/fr\/#organization"},"potentialAction":[{"@type":"SearchAction","target":{"@type":"EntryPoint","urlTemplate":"https:\/\/jobsatstock.ca\/fr\/?s={search_term_string}"},"query-input":{"@type":"PropertyValueSpecification","valueRequired":true,"valueName":"search_term_string"}}],"inLanguage":"fr-FR"},{"@type":"Organization","@id":"https:\/\/jobsatstock.ca\/fr\/#organization","name":"Stock Transportation","url":"https:\/\/jobsatstock.ca\/fr\/","logo":{"@type":"ImageObject","inLanguage":"fr-FR","@id":"https:\/\/jobsatstock.ca\/fr\/#\/schema\/logo\/image\/","url":"https:\/\/jobsatstock.ca\/wp-content\/uploads\/2020\/12\/stock-logo.png","contentUrl":"https:\/\/jobsatstock.ca\/wp-content\/uploads\/2020\/12\/stock-logo.png","width":114,"height":89,"caption":"Stock Transportation"},"image":{"@id":"https:\/\/jobsatstock.ca\/fr\/#\/schema\/logo\/image\/"}}]}},"_links":{"self":[{"href":"https:\/\/jobsatstock.ca\/fr\/wp-json\/wp\/v2\/pages\/1502","targetHints":{"allow":["GET"]}}],"collection":[{"href":"https:\/\/jobsatstock.ca\/fr\/wp-json\/wp\/v2\/pages"}],"about":[{"href":"https:\/\/jobsatstock.ca\/fr\/wp-json\/wp\/v2\/types\/page"}],"author":[{"embeddable":true,"href":"https:\/\/jobsatstock.ca\/fr\/wp-json\/wp\/v2\/users\/1"}],"replies":[{"embeddable":true,"href":"https:\/\/jobsatstock.ca\/fr\/wp-json\/wp\/v2\/comments?post=1502"}],"version-history":[{"count":2,"href":"https:\/\/jobsatstock.ca\/fr\/wp-json\/wp\/v2\/pages\/1502\/revisions"}],"predecessor-version":[{"id":1513,"href":"https:\/\/jobsatstock.ca\/fr\/wp-json\/wp\/v2\/pages\/1502\/revisions\/1513"}],"wp:attachment":[{"href":"https:\/\/jobsatstock.ca\/fr\/wp-json\/wp\/v2\/media?parent=1502"}],"curies":[{"name":"wp","href":"https:\/\/api.w.org\/{rel}","templated":true}]}}